{"id":2353,"date":"2023-01-19T10:56:55","date_gmt":"2023-01-19T09:56:55","guid":{"rendered":"https:\/\/www.auditorium.com\/?page_id=2353"},"modified":"2023-07-20T12:36:11","modified_gmt":"2023-07-20T11:36:11","slug":"storia-auditorium","status":"publish","type":"page","link":"https:\/\/www.auditorium.com\/it\/storia-auditorium\/","title":{"rendered":"La storia dell&#8217;Auditorium"},"content":{"rendered":"<p>Progettato da <strong>Renzo Piano<\/strong> e gestito dalla <strong>Fondazione Musica per Roma<\/strong>, l\u2019Auditorium Parco della Musica Ennio Morricone \u00e8 stato creato per dare una casa definitiva all&#8217;<strong>Accademia Nazionale di Santa Cecilia<\/strong> ed \u00e8 diventato in questi anni uno dei pi\u00f9 grandi poli di cultura e spettacolo in Europa con una programmazione che spazia tra tutti i generi musicali, la danza, il teatro e anche l\u2019arte.<span class=\"Apple-converted-space\">\u00a0<\/span>Questa straordinaria struttura, il pi\u00f9 importante intervento urbanistico e culturale realizzato a Roma dagli anni Sessanta, sorge a pochi minuti dal centro storico, tra le rive del fiume Tevere, la collina del quartiere Parioli e il Villaggio Olimpico e conta con una sofisticata architettura. Il grande complesso polivalente \u00e8 in grado di soddisfare le esigenze di tutti i pubblici, coniugando qualit\u00e0 e spettacolo, cultura e divertimento.<\/p>\n<p>Per ricostruire la storia di questo luogo, bisogna risalire al 1936, quando, per riportare alla luce i resti romani del Mausoleo di Augusto, Mussolini ordin\u00f2 di distruggere l\u2019Augusteo, la splendida sala da concerti in cui dal 1908 l\u2019Orchestra e il Coro dell&#8217;Accademia Nazionale di Santa Cecilia svolgevano la propria attivit\u00e0.<\/p>\n<p>Dopo la distruzione dell&#8217;Augusteo il progetto di un auditorium che garantisse standard qualitativi di livello internazionale ha impegnato le varie amministrazioni capitoline che si sono succedute nel corso di diversi decenni, e personaggi di spicco come Giuseppe Sinopoli o Vittorio Emiliani si sono a lungo battuti per assicurare alla citt\u00e0 eterna un luogo consacrato alla musica.<\/p>\n<p>Nel 1993 il Comune di Roma bandisce un nuovo concorso internazionale indicando come sede del nuovo Auditorio uno spazio posto tra il villaggio Olimpico e lo stadio Flaminio. Una zona assolutamente degradata e abbandonata a pochi chilometri dal centro di Roma lungo la via Flaminia con l\u2019obiettivo \u00e8 quello di colmare una frattura nel tessuto cittadino.<\/p>\n<p>Il\u00a027 luglio 1994\u00a0viene proclamato vincitore il\u00a0progetto di Renzo Piano\u00a0e del Renzo Piano Building Workshop e il 15 gennaio 1995 il progetto \u00e8 consegnato al Comune di Roma. I lavori vengono interrotti nel novembre per il ritrovamento dei resti di un\u2019antica villa romana, che una volta riportate delle varianti al progetto originale, viene integrata nel complesso. Nell\u2019inverno del 1998 si conclude la costruzione di uno dei parcheggi ma diversi problemi, legati alla funzionalit\u00e0 delle imprese vincitrici della prima gara d\u2019appalto, inducono il Comune, tra il 1999 e il 2000, ad una serie di atti amministrativi che culminano nell\u2019affidamento dei lavori a nuove e pi\u00f9 efficienti imprese che procedono pi\u00f9 velocemente. Intanto, nel luglio del 1999, il Comune fonda la societ\u00e0 di gestione Musica per Roma MpR S.p.A, trasformata nel 2004 in Fondazione con compiti amministrativi, di organizzazione, di programmazione e produzione culturale.<\/p>\n<p>Il\u00a0<strong>21 aprile 2002<\/strong>\u00a0sono inaugurate la Sala Petrassi\u00a0e la Sala Sinopoli e successivamente il<strong> 21 dicembre<\/strong> dello stesso anno viene inaugurata la Sala Santa Cecilia. Nei primi mesi del 2003 il complesso viene ultimato e comincia ad operare a pieno regime.\u00a0Dopo la scomparsa del maestro <strong>Ennio Morricone<\/strong>, avvenuta nel 2020, l\u2019Auditorium viene\u00a0a lui intitolato.<\/p>\n<p><i>\u00abLa pi\u00f9 bella avventura, per un architetto, \u00e8 quella di costruire\u00a0una sala per concerti.\u00a0<\/i><i>Forse \u00e8 ancora pi\u00f9 bello per un liutaio costruire un violino; ma si tratta (con tutte le differenze di dimensione e di impiego) di attivit\u00e0 molto simili. In fondo si tratta sempre di costruire strumenti per fare musica e per ascoltare musica.\u00a0\u00c8 il suono che comanda, \u00e8 la cassa armonica che deve saper vibrare con le sue frequenze e la sua energia. Io ho avuto l\u2019avventura di costruire spesso per la musica: dall\u2019Istituto per la Ricerca Acustico Musicale di Parigi con Pierre Boulez e Luciano Berio, al Prometeo con Luigi Nono, alla sala di Berlino alla Potsdamer Platz, alla sala del Lingotto di Torino, alla Sala Niccol\u00f2 Paganini a Parma e ora all\u2019Auditorium di Roma.\u00a0In tutti questi progetti la musica \u00e8 sempre stata al centro dell\u2019attenzione: lavorando con gli acustici, lavorando con i musicisti. Ma l\u2019Auditorium di Roma non \u00e8 un semplice Auditorium ma una vera e propria Citt\u00e0 della Musica; con tre sale, un anfiteatro all\u2019aperto, delle grandi sale di prova e di registrazione.\u00a0L\u2019avventura, a Roma, si \u00e8 quindi arricchita di un\u2019importante dimensione urbana: l\u2019Auditorium non \u00e8 soltanto un impianto musicale; c\u2019\u00e8 anche una piazza, c\u2019\u00e8 Santa Cecilia, c\u2019\u00e8 gente che ci lavora, ci sono dei negozi, bar e ristoranti. Funzioni tutte che affidano a questo progetto l\u2019importante funzione di rendere urbano questo luogo che ha bisogno di urbanit\u00e0. I luoghi della cultura, d\u2019altronde, come quelli della musica, hanno la naturale funzione di fecondare il tessuto urbano, sottrarre la citt\u00e0 all\u2019imbarbarimento e restituirle quella qualit\u00e0 straordinaria che ha sempre avuto nella storia. Strumenti musicali, quindi, immersi nel verde di un parco della Musica che scende da Villa Glori, avvolge i grandi liuti dell\u2019Auditorium, i due gioielli dello stadio Flaminio e del Palazzetto dello Sport e si spinge fino a viale Tiziano regalando alla citt\u00e0 di Roma un grande parco di venti ettari abitato dalla Musica<\/i>\u00bb<\/p>\n<p style=\"text-align: right;\"><span style=\"font-weight: 400;\">Renzo Piano<\/span><\/p>\n","protected":false},"excerpt":{"rendered":"Progettato da Renzo Piano e gestito dalla Fondazione Musica per Roma, l\u2019Auditorium Parco della Musica Ennio Morricone \u00e8 stato creato per dare una casa definitiva all&#8217;Accademia Nazionale di Santa Cecilia ed \u00e8 diventato in questi anni uno dei pi\u00f9 grandi poli di cultura e spettacolo in Europa con una programmazione che spazia tra tutti i [&hellip;]","protected":false},"author":24,"featured_media":2356,"parent":0,"menu_order":0,"comment_status":"closed","ping_status":"closed","template":"page-history.php","meta":{"_acf_changed":false,"inline_featured_image":false,"footnotes":""},"class_list":["post-2353","page","type-page","status-publish","has-post-thumbnail","hentry"],"acf":[],"yoast_head":"<!-- This site is optimized with the Yoast SEO plugin v22.6 - https:\/\/yoast.com\/wordpress\/plugins\/seo\/ -->\n<title>La storia del complesso | Auditorium Parco della Musica Ennio Morricone<\/title>\n<meta name=\"description\" content=\"Progettato da Renzo Piano, l\u2019Auditorium Parco della Musica Ennio Morricone rappresenta il pi\u00f9 importante intervento urbanistico e culturale realizzato a Roma dagli anni Sessanta.\" \/>\n<meta name=\"robots\" content=\"index, follow, max-snippet:-1, max-image-preview:large, max-video-preview:-1\" \/>\n<link rel=\"canonical\" href=\"https:\/\/www.auditorium.com\/it\/storia-auditorium\/\" \/>\n<meta property=\"og:locale\" content=\"it_IT\" \/>\n<meta property=\"og:type\" content=\"article\" \/>\n<meta property=\"og:title\" content=\"La storia del complesso | Auditorium Parco della Musica Ennio Morricone\" \/>\n<meta property=\"og:description\" content=\"Progettato da Renzo Piano, l\u2019Auditorium Parco della Musica Ennio Morricone rappresenta il pi\u00f9 importante intervento urbanistico e culturale realizzato a Roma dagli anni Sessanta.\" \/>\n<meta property=\"og:url\" content=\"https:\/\/www.auditorium.com\/it\/storia-auditorium\/\" \/>\n<meta property=\"og:site_name\" content=\"Auditorium Parco della Musica Ennio Morricone\" \/>\n<meta property=\"article:publisher\" content=\"https:\/\/www.facebook.com\/AuditoriumParcodellaMusica\" \/>\n<meta property=\"article:modified_time\" content=\"2023-07-20T11:36:11+00:00\" \/>\n<meta property=\"og:image\" content=\"https:\/\/www.auditorium.com\/wp-content\/uploads\/2023\/01\/Immagine-pagina-storia.jpg\" \/>\n\t<meta property=\"og:image:width\" content=\"1517\" \/>\n\t<meta property=\"og:image:height\" content=\"849\" \/>\n\t<meta property=\"og:image:type\" content=\"image\/jpeg\" \/>\n<meta name=\"twitter:card\" content=\"summary_large_image\" \/>\n<meta name=\"twitter:site\" content=\"@auditoriumpdm\" \/>\n<meta name=\"twitter:label1\" content=\"Tempo di lettura stimato\" \/>\n\t<meta name=\"twitter:data1\" content=\"5 minuti\" \/>\n<script type=\"application\/ld+json\" class=\"yoast-schema-graph\">{\"@context\":\"https:\/\/schema.org\",\"@graph\":[{\"@type\":\"WebPage\",\"@id\":\"https:\/\/www.auditorium.com\/it\/storia-auditorium\/\",\"url\":\"https:\/\/www.auditorium.com\/it\/storia-auditorium\/\",\"name\":\"La storia del complesso | Auditorium Parco della Musica Ennio Morricone\",\"isPartOf\":{\"@id\":\"https:\/\/www.auditorium.com\/it\/#website\"},\"primaryImageOfPage\":{\"@id\":\"https:\/\/www.auditorium.com\/it\/storia-auditorium\/#primaryimage\"},\"image\":{\"@id\":\"https:\/\/www.auditorium.com\/it\/storia-auditorium\/#primaryimage\"},\"thumbnailUrl\":\"https:\/\/www.auditorium.com\/wp-content\/uploads\/2023\/01\/Immagine-pagina-storia.jpg\",\"datePublished\":\"2023-01-19T09:56:55+00:00\",\"dateModified\":\"2023-07-20T11:36:11+00:00\",\"description\":\"Progettato da Renzo Piano, l\u2019Auditorium Parco della Musica Ennio Morricone rappresenta il pi\u00f9 importante intervento urbanistico e culturale realizzato a Roma dagli anni Sessanta.\",\"breadcrumb\":{\"@id\":\"https:\/\/www.auditorium.com\/it\/storia-auditorium\/#breadcrumb\"},\"inLanguage\":\"it-IT\",\"potentialAction\":[{\"@type\":\"ReadAction\",\"target\":[\"https:\/\/www.auditorium.com\/it\/storia-auditorium\/\"]}]},{\"@type\":\"ImageObject\",\"inLanguage\":\"it-IT\",\"@id\":\"https:\/\/www.auditorium.com\/it\/storia-auditorium\/#primaryimage\",\"url\":\"https:\/\/www.auditorium.com\/wp-content\/uploads\/2023\/01\/Immagine-pagina-storia.jpg\",\"contentUrl\":\"https:\/\/www.auditorium.com\/wp-content\/uploads\/2023\/01\/Immagine-pagina-storia.jpg\",\"width\":1517,\"height\":849},{\"@type\":\"BreadcrumbList\",\"@id\":\"https:\/\/www.auditorium.com\/it\/storia-auditorium\/#breadcrumb\",\"itemListElement\":[{\"@type\":\"ListItem\",\"position\":1,\"name\":\"Home\",\"item\":\"https:\/\/www.auditorium.com\/it\/\"},{\"@type\":\"ListItem\",\"position\":2,\"name\":\"La storia dell&#8217;Auditorium\"}]},{\"@type\":\"WebSite\",\"@id\":\"https:\/\/www.auditorium.com\/it\/#website\",\"url\":\"https:\/\/www.auditorium.com\/it\/\",\"name\":\"Auditorium Parco della Musica Ennio Morricone\",\"description\":\"Progettato da Renzo Piano, l&#039;Auditorium rappresenta una sofisticata architettura musicale e uno straordinario intervento di riqualificazione urbana.\",\"publisher\":{\"@id\":\"https:\/\/www.auditorium.com\/it\/#organization\"},\"potentialAction\":[{\"@type\":\"SearchAction\",\"target\":{\"@type\":\"EntryPoint\",\"urlTemplate\":\"https:\/\/www.auditorium.com\/it\/?s={search_term_string}\"},\"query-input\":\"required name=search_term_string\"}],\"inLanguage\":\"it-IT\"},{\"@type\":\"Organization\",\"@id\":\"https:\/\/www.auditorium.com\/it\/#organization\",\"name\":\"Auditorium Parco della Musica Ennio Morricone\",\"url\":\"https:\/\/www.auditorium.com\/it\/\",\"logo\":{\"@type\":\"ImageObject\",\"inLanguage\":\"it-IT\",\"@id\":\"https:\/\/www.auditorium.com\/it\/#\/schema\/logo\/image\/\",\"url\":\"https:\/\/www.auditorium.com\/wp-content\/uploads\/2022\/12\/logo-auditorium.svg\",\"contentUrl\":\"https:\/\/www.auditorium.com\/wp-content\/uploads\/2022\/12\/logo-auditorium.svg\",\"width\":86,\"height\":79,\"caption\":\"Auditorium Parco della Musica Ennio Morricone\"},\"image\":{\"@id\":\"https:\/\/www.auditorium.com\/it\/#\/schema\/logo\/image\/\"},\"sameAs\":[\"https:\/\/www.facebook.com\/AuditoriumParcodellaMusica\",\"https:\/\/x.com\/auditoriumpdm\",\"https:\/\/www.instagram.com\/auditoriumparcodellamusica\/\"]}]}<\/script>\n<!-- \/ Yoast SEO plugin. -->","yoast_head_json":{"title":"La storia del complesso | Auditorium Parco della Musica Ennio Morricone","description":"Progettato da Renzo Piano, l\u2019Auditorium Parco della Musica Ennio Morricone rappresenta il pi\u00f9 importante intervento urbanistico e culturale realizzato a Roma dagli anni Sessanta.","robots":{"index":"index","follow":"follow","max-snippet":"max-snippet:-1","max-image-preview":"max-image-preview:large","max-video-preview":"max-video-preview:-1"},"canonical":"https:\/\/www.auditorium.com\/it\/storia-auditorium\/","og_locale":"it_IT","og_type":"article","og_title":"La storia del complesso | Auditorium Parco della Musica Ennio Morricone","og_description":"Progettato da Renzo Piano, l\u2019Auditorium Parco della Musica Ennio Morricone rappresenta il pi\u00f9 importante intervento urbanistico e culturale realizzato a Roma dagli anni Sessanta.","og_url":"https:\/\/www.auditorium.com\/it\/storia-auditorium\/","og_site_name":"Auditorium Parco della Musica Ennio Morricone","article_publisher":"https:\/\/www.facebook.com\/AuditoriumParcodellaMusica","article_modified_time":"2023-07-20T11:36:11+00:00","og_image":[{"width":1517,"height":849,"url":"https:\/\/www.auditorium.com\/wp-content\/uploads\/2023\/01\/Immagine-pagina-storia.jpg","type":"image\/jpeg"}],"twitter_card":"summary_large_image","twitter_site":"@auditoriumpdm","twitter_misc":{"Tempo di lettura stimato":"5 minuti"},"schema":{"@context":"https:\/\/schema.org","@graph":[{"@type":"WebPage","@id":"https:\/\/www.auditorium.com\/it\/storia-auditorium\/","url":"https:\/\/www.auditorium.com\/it\/storia-auditorium\/","name":"La storia del complesso | Auditorium Parco della Musica Ennio Morricone","isPartOf":{"@id":"https:\/\/www.auditorium.com\/it\/#website"},"primaryImageOfPage":{"@id":"https:\/\/www.auditorium.com\/it\/storia-auditorium\/#primaryimage"},"image":{"@id":"https:\/\/www.auditorium.com\/it\/storia-auditorium\/#primaryimage"},"thumbnailUrl":"https:\/\/www.auditorium.com\/wp-content\/uploads\/2023\/01\/Immagine-pagina-storia.jpg","datePublished":"2023-01-19T09:56:55+00:00","dateModified":"2023-07-20T11:36:11+00:00","description":"Progettato da Renzo Piano, l\u2019Auditorium Parco della Musica Ennio Morricone rappresenta il pi\u00f9 importante intervento urbanistico e culturale realizzato a Roma dagli anni Sessanta.","breadcrumb":{"@id":"https:\/\/www.auditorium.com\/it\/storia-auditorium\/#breadcrumb"},"inLanguage":"it-IT","potentialAction":[{"@type":"ReadAction","target":["https:\/\/www.auditorium.com\/it\/storia-auditorium\/"]}]},{"@type":"ImageObject","inLanguage":"it-IT","@id":"https:\/\/www.auditorium.com\/it\/storia-auditorium\/#primaryimage","url":"https:\/\/www.auditorium.com\/wp-content\/uploads\/2023\/01\/Immagine-pagina-storia.jpg","contentUrl":"https:\/\/www.auditorium.com\/wp-content\/uploads\/2023\/01\/Immagine-pagina-storia.jpg","width":1517,"height":849},{"@type":"BreadcrumbList","@id":"https:\/\/www.auditorium.com\/it\/storia-auditorium\/#breadcrumb","itemListElement":[{"@type":"ListItem","position":1,"name":"Home","item":"https:\/\/www.auditorium.com\/it\/"},{"@type":"ListItem","position":2,"name":"La storia dell&#8217;Auditorium"}]},{"@type":"WebSite","@id":"https:\/\/www.auditorium.com\/it\/#website","url":"https:\/\/www.auditorium.com\/it\/","name":"Auditorium Parco della Musica Ennio Morricone","description":"Progettato da Renzo Piano, l&#039;Auditorium rappresenta una sofisticata architettura musicale e uno straordinario intervento di riqualificazione urbana.","publisher":{"@id":"https:\/\/www.auditorium.com\/it\/#organization"},"potentialAction":[{"@type":"SearchAction","target":{"@type":"EntryPoint","urlTemplate":"https:\/\/www.auditorium.com\/it\/?s={search_term_string}"},"query-input":"required name=search_term_string"}],"inLanguage":"it-IT"},{"@type":"Organization","@id":"https:\/\/www.auditorium.com\/it\/#organization","name":"Auditorium Parco della Musica Ennio Morricone","url":"https:\/\/www.auditorium.com\/it\/","logo":{"@type":"ImageObject","inLanguage":"it-IT","@id":"https:\/\/www.auditorium.com\/it\/#\/schema\/logo\/image\/","url":"https:\/\/www.auditorium.com\/wp-content\/uploads\/2022\/12\/logo-auditorium.svg","contentUrl":"https:\/\/www.auditorium.com\/wp-content\/uploads\/2022\/12\/logo-auditorium.svg","width":86,"height":79,"caption":"Auditorium Parco della Musica Ennio Morricone"},"image":{"@id":"https:\/\/www.auditorium.com\/it\/#\/schema\/logo\/image\/"},"sameAs":["https:\/\/www.facebook.com\/AuditoriumParcodellaMusica","https:\/\/x.com\/auditoriumpdm","https:\/\/www.instagram.com\/auditoriumparcodellamusica\/"]}]}},"_links":{"self":[{"href":"https:\/\/www.auditorium.com\/it\/wp-json\/wp\/v2\/pages\/2353","targetHints":{"allow":["GET"]}}],"collection":[{"href":"https:\/\/www.auditorium.com\/it\/wp-json\/wp\/v2\/pages"}],"about":[{"href":"https:\/\/www.auditorium.com\/it\/wp-json\/wp\/v2\/types\/page"}],"author":[{"embeddable":true,"href":"https:\/\/www.auditorium.com\/it\/wp-json\/wp\/v2\/users\/24"}],"replies":[{"embeddable":true,"href":"https:\/\/www.auditorium.com\/it\/wp-json\/wp\/v2\/comments?post=2353"}],"version-history":[{"count":17,"href":"https:\/\/www.auditorium.com\/it\/wp-json\/wp\/v2\/pages\/2353\/revisions"}],"predecessor-version":[{"id":9824,"href":"https:\/\/www.auditorium.com\/it\/wp-json\/wp\/v2\/pages\/2353\/revisions\/9824"}],"wp:featuredmedia":[{"embeddable":true,"href":"https:\/\/www.auditorium.com\/it\/wp-json\/wp\/v2\/media\/2356"}],"wp:attachment":[{"href":"https:\/\/www.auditorium.com\/it\/wp-json\/wp\/v2\/media?parent=2353"}],"curies":[{"name":"wp","href":"https:\/\/api.w.org\/{rel}","templated":true}]}}