{"id":228,"date":"2022-11-29T11:32:31","date_gmt":"2022-11-29T11:32:31","guid":{"rendered":"http:\/\/www.auditorium.com\/?page_id=228"},"modified":"2023-03-31T16:56:22","modified_gmt":"2023-03-31T15:56:22","slug":"terms-of-use","status":"publish","type":"page","link":"https:\/\/www.auditorium.com\/it\/terms-of-use\/","title":{"rendered":"Termini d\u2019uso"},"content":{"rendered":"<h3><strong><span class=\"heading3\">Note legali<\/span><\/strong><\/h3>\n<p>Questo \u00e8 il Sito Web dell\u2019Auditorium Parco della Musica di Roma che \u00e8 gestito dalla Fondazione Musica per Roma.<br \/>\nUtilizzando questo Sito Web l&#8217;Utente accetta di essere vincolato dai &#8220;Termini e condizioni d&#8217;uso&#8221; e se l&#8217;Utente acquista beni o servizi dal Sito Web accetta di essere vincolato dalle &#8220;Condizioni di vendita&#8221; e dalle condizioni specifiche stabilite.<\/p>\n<p>&nbsp;<\/p>\n<h3>Compatibilit\u00e0 del sito web<\/h3>\n<p>Supportiamo le seguenti piattaforme:<br \/>\nWindows: Internet Explorer 8+, Chrome, Firefox, Opera<br \/>\nMac: Safari, Chrome, Firefox, Opera<\/p>\n<p>&nbsp;<\/p>\n<h3>Responsabilit\u00e0 \u2013 Disclaimer<\/h3>\n<p>La Fondazione Musica per Roma si impegna a garantire lo standard pi\u00f9 elevato e la qualit\u00e0 delle informazioni e ogni tentativo \u00e8 stato fatto per presentare informazioni accurate e aggiornate. Tuttavia la Fondazione Musica per Roma non fornisce alcuna garanzia in merito all&#8217;accuratezza delle informazioni contenute in questo Sito Web e declina ogni responsabilit\u00e0 per eventuali danni o inconvenienti causati dall&#8217;affidamento di tali informazioni.<\/p>\n<p>Sebbene la Fondazione Musica per Roma adotti tutte le misure ragionevoli per garantire che le informazioni fornite da terzi siano accurate e non diffamatorie o offensive, non pu\u00f2 controllare il contenuto o assumersi la responsabilit\u00e0 delle pagine gestite da provider esterni o pagine collegate.<\/p>\n<p>&nbsp;<\/p>\n<h3><strong><span class=\"heading2\">Termini e condizioni d&#8217;uso<\/span><\/strong><\/h3>\n<p>Accedendo alle informazioni da questo sito Web, l&#8217;Utente accetta di essere vincolato dai presenti Termini e condizioni d&#8217;uso come di seguito indicato. Questo Sito Web contiene note di propriet\u00e0 e informazioni sul copyright, i cui termini l&#8217;Utente accetta di osservare e seguire.<\/p>\n<p>&nbsp;<\/p>\n<h3>Sicurezza<\/h3>\n<p>L&#8217;Utente si assume la piena responsabilit\u00e0 della protezione del proprio sistema informatico, inclusi software, hardware e dati memorizzati sul proprio sistema informatico, inclusi software, hardware e dati memorizzati di terze parti che possono accedere o essere altrimenti collegati al sistema informatico dell&#8217;Utente. L&#8217;Utente si assumer\u00e0 la responsabilit\u00e0 di garantire che il programma o altri dati scaricati o altrimenti ricevuti da questo Sito Web siano privi di virus, worm, cavalli di troia o altri elementi di natura distruttiva.<\/p>\n<p>La Fondazione Musica per Roma adotter\u00e0 misure ragionevoli per garantire che i dati trasmessi elettronicamente alla Fondazione Musica per Roma tramite il Sito Web o in altro modo e conservati dalla Fondazione Musica per Roma non siano accessibili da terzi non autorizzati in conformit\u00e0 con la privacy policy. L&#8217;Utente accetta il rischio che i dati trasmessi elettronicamente alla Fondazione Musica per Roma tramite questo sito Web o in altro modo possano essere intercettati prima di raggiungere la Fondazione Musica per Roma o l&#8217;accesso al data center della Fondazione Musica per Roma da parte di terzi non autorizzati dalla Fondazione Musica per Roma e possono essere sfruttati illegalmente da tali terze parti non autorizzate.<\/p>\n<p>La Fondazione Musica per Roma non rilascia alcuna dichiarazione in merito alla qualit\u00e0 della sicurezza o alla propriet\u00e0 di qualsiasi sito web a cui si possa accedere tramite questo Sito Web e declina ogni responsabilit\u00e0 per il contenuto o per qualsiasi perdita o danno causato o presunto causato dall&#8217;uso o affidamento su informazioni contenute in tali siti web o beni o servizi acquistati da essi. I siti web collegati a cui si accede tramite questo Sito Web sono indipendenti e su di essi la Fondazione Musica per Roma non esercita alcun controllo editoriale, finanziario o di altro tipo e non sono in alcun modo approvati dalla Fondazione Musica per Roma.<\/p>\n<p>&nbsp;<\/p>\n<h3>Protezione dati<\/h3>\n<p>Le informazioni personali che l&#8217;Utente inserisce nel nostro modulo di registrazione online verranno conservate in modo sicuro e non saranno utilizzate per altri scopi oltre a consentirci di contattarle via email sugli eventi e le promozioni a meno che non ci abbiate autorizzato a inviare informazioni da altre organizzazioni.\u00a0<a href=\"https:\/\/www.auditorium.com\/privacy_policy.html\">Privacy Policy<\/a><\/p>\n<p>&nbsp;<\/p>\n<h3><strong>Errori<\/strong><\/h3>\n<p>Le informazioni contenute in questo sito Web possono contenere inesattezze tecniche o errori tipografici. Le informazioni possono essere modificate o aggiornate senza preavviso e qualsiasi domanda relativa alla accuratezza delle informazioni deve essere indirizzata agli indirizzi email indicati nelle pagine relative ai prodotti o servizi richiesti.<\/p>\n<p>&nbsp;<\/p>\n<h3><strong>Garanzia e responsabilit\u00e0<\/strong><\/h3>\n<p>Tutte le informazioni rese disponibili all&#8217;interno di questo sito Web sono fornite &#8220;cos\u00ec come sono&#8221; a solo scopo informativo e senza garanzie di alcun tipo, esplicite o implicite, incluse ma non limitate a garanzie di non violazione della commerciabilit\u00e0 dei diritti o idoneit\u00e0 per uno scopo particolare.<\/p>\n<p>Visualizza il\u00a0<a href=\"https:\/\/www.auditorium.com\/it\/tickets-regulation\/\">Regolamento Biglietteria<\/a>\u00a0di Fondazione Musica per Roma.<\/p>\n<p><em>\u201c<strong>Utente<\/strong>\u201d: visitatore del sito web \u201cauditorium.com\u201d;<br \/>\n&#8220;<strong>Sito web<\/strong>&#8220;: il percorso di rete sul World Wide Web scritto in lingua di markup ipertestuale (o altro linguaggio compatibile con il World Wide Web) sviluppato in conformit\u00e0 con questi termini e condizioni contenente testo digitale, grafica, audio e video che \u00e8 sito proprietario memorizzato su un server e accessibile tramite Internet, identificato come &#8220;auditorium.com&#8221;.<\/em><\/p>\n","protected":false},"excerpt":{"rendered":"Note legali Questo \u00e8 il Sito Web dell\u2019Auditorium Parco della Musica di Roma che \u00e8 gestito dalla Fondazione Musica per Roma. Utilizzando questo Sito Web l&#8217;Utente accetta di essere vincolato dai &#8220;Termini e condizioni d&#8217;uso&#8221; e se l&#8217;Utente acquista beni o servizi dal Sito Web accetta di essere vincolato dalle &#8220;Condizioni di vendita&#8221; e dalle [&hellip;]","protected":false},"author":24,"featured_media":2430,"parent":0,"menu_order":0,"comment_status":"closed","ping_status":"closed","template":"page-template-boxed-title.php","meta":{"_acf_changed":false,"inline_featured_image":false,"footnotes":""},"class_list":["post-228","page","type-page","status-publish","has-post-thumbnail","hentry"],"acf":[],"yoast_head":"<!-- This site is optimized with the Yoast SEO plugin v27.5 - https:\/\/yoast.com\/product\/yoast-seo-wordpress\/ -->\n<title>Termini d\u2019uso | Auditorium Parco della Musica Ennio Morricone<\/title>\n<meta name=\"description\" content=\"Questo \u00e8 il Sito Web dell\u2019Auditorium Parco della Musica di Roma, gestito dalla Fondazione Musica: leggi le note legali per gli utenti del sito.\" \/>\n<meta name=\"robots\" content=\"index, follow, max-snippet:-1, max-image-preview:large, max-video-preview:-1\" \/>\n<link rel=\"canonical\" href=\"https:\/\/www.auditorium.com\/it\/terms-of-use\/\" \/>\n<meta property=\"og:locale\" content=\"it_IT\" \/>\n<meta property=\"og:type\" content=\"article\" \/>\n<meta property=\"og:title\" content=\"Termini d\u2019uso | Auditorium Parco della Musica Ennio Morricone\" \/>\n<meta property=\"og:description\" content=\"Questo \u00e8 il Sito Web dell\u2019Auditorium Parco della Musica di Roma, gestito dalla Fondazione Musica: leggi le note legali per gli utenti del sito.\" \/>\n<meta property=\"og:url\" content=\"https:\/\/www.auditorium.com\/it\/terms-of-use\/\" \/>\n<meta property=\"og:site_name\" content=\"Auditorium Parco della Musica Ennio Morricone\" \/>\n<meta property=\"article:publisher\" content=\"https:\/\/www.facebook.com\/AuditoriumParcodellaMusica\" \/>\n<meta property=\"article:modified_time\" content=\"2023-03-31T15:56:22+00:00\" \/>\n<meta property=\"og:image\" content=\"https:\/\/www.auditorium.com\/wp-content\/uploads\/2023\/01\/Auditorium1.jpg\" \/>\n\t<meta property=\"og:image:width\" content=\"1920\" \/>\n\t<meta property=\"og:image:height\" content=\"1080\" \/>\n\t<meta property=\"og:image:type\" content=\"image\/jpeg\" \/>\n<meta name=\"twitter:card\" content=\"summary_large_image\" \/>\n<meta name=\"twitter:site\" content=\"@auditoriumpdm\" \/>\n<meta name=\"twitter:label1\" content=\"Tempo di lettura stimato\" \/>\n\t<meta name=\"twitter:data1\" content=\"5 minuti\" \/>\n<script type=\"application\/ld+json\" class=\"yoast-schema-graph\">{\"@context\":\"https:\\\/\\\/schema.org\",\"@graph\":[{\"@type\":\"WebPage\",\"@id\":\"https:\\\/\\\/www.auditorium.com\\\/it\\\/terms-of-use\\\/\",\"url\":\"https:\\\/\\\/www.auditorium.com\\\/it\\\/terms-of-use\\\/\",\"name\":\"Termini d\u2019uso | Auditorium Parco della Musica Ennio Morricone\",\"isPartOf\":{\"@id\":\"https:\\\/\\\/www.auditorium.com\\\/it\\\/#website\"},\"primaryImageOfPage\":{\"@id\":\"https:\\\/\\\/www.auditorium.com\\\/it\\\/terms-of-use\\\/#primaryimage\"},\"image\":{\"@id\":\"https:\\\/\\\/www.auditorium.com\\\/it\\\/terms-of-use\\\/#primaryimage\"},\"thumbnailUrl\":\"https:\\\/\\\/www.auditorium.com\\\/wp-content\\\/uploads\\\/2023\\\/01\\\/Auditorium1.jpg\",\"datePublished\":\"2022-11-29T11:32:31+00:00\",\"dateModified\":\"2023-03-31T15:56:22+00:00\",\"description\":\"Questo \u00e8 il Sito Web dell\u2019Auditorium Parco della Musica di Roma, gestito dalla Fondazione Musica: leggi le note legali per gli utenti del sito.\",\"breadcrumb\":{\"@id\":\"https:\\\/\\\/www.auditorium.com\\\/it\\\/terms-of-use\\\/#breadcrumb\"},\"inLanguage\":\"it-IT\",\"potentialAction\":[{\"@type\":\"ReadAction\",\"target\":[\"https:\\\/\\\/www.auditorium.com\\\/it\\\/terms-of-use\\\/\"]}]},{\"@type\":\"ImageObject\",\"inLanguage\":\"it-IT\",\"@id\":\"https:\\\/\\\/www.auditorium.com\\\/it\\\/terms-of-use\\\/#primaryimage\",\"url\":\"https:\\\/\\\/www.auditorium.com\\\/wp-content\\\/uploads\\\/2023\\\/01\\\/Auditorium1.jpg\",\"contentUrl\":\"https:\\\/\\\/www.auditorium.com\\\/wp-content\\\/uploads\\\/2023\\\/01\\\/Auditorium1.jpg\",\"width\":1920,\"height\":1080},{\"@type\":\"BreadcrumbList\",\"@id\":\"https:\\\/\\\/www.auditorium.com\\\/it\\\/terms-of-use\\\/#breadcrumb\",\"itemListElement\":[{\"@type\":\"ListItem\",\"position\":1,\"name\":\"Home\",\"item\":\"https:\\\/\\\/www.auditorium.com\\\/it\\\/\"},{\"@type\":\"ListItem\",\"position\":2,\"name\":\"Termini d\u2019uso\"}]},{\"@type\":\"WebSite\",\"@id\":\"https:\\\/\\\/www.auditorium.com\\\/it\\\/#website\",\"url\":\"https:\\\/\\\/www.auditorium.com\\\/it\\\/\",\"name\":\"Auditorium Parco della Musica Ennio Morricone\",\"description\":\"Progettato da Renzo Piano, l&#039;Auditorium rappresenta una sofisticata architettura musicale e uno straordinario intervento di riqualificazione urbana.\",\"publisher\":{\"@id\":\"https:\\\/\\\/www.auditorium.com\\\/it\\\/#organization\"},\"potentialAction\":[{\"@type\":\"SearchAction\",\"target\":{\"@type\":\"EntryPoint\",\"urlTemplate\":\"https:\\\/\\\/www.auditorium.com\\\/it\\\/?s={search_term_string}\"},\"query-input\":{\"@type\":\"PropertyValueSpecification\",\"valueRequired\":true,\"valueName\":\"search_term_string\"}}],\"inLanguage\":\"it-IT\"},{\"@type\":\"Organization\",\"@id\":\"https:\\\/\\\/www.auditorium.com\\\/it\\\/#organization\",\"name\":\"Auditorium Parco della Musica Ennio Morricone\",\"url\":\"https:\\\/\\\/www.auditorium.com\\\/it\\\/\",\"logo\":{\"@type\":\"ImageObject\",\"inLanguage\":\"it-IT\",\"@id\":\"https:\\\/\\\/www.auditorium.com\\\/it\\\/#\\\/schema\\\/logo\\\/image\\\/\",\"url\":\"https:\\\/\\\/www.auditorium.com\\\/wp-content\\\/uploads\\\/2022\\\/12\\\/logo-auditorium.svg\",\"contentUrl\":\"https:\\\/\\\/www.auditorium.com\\\/wp-content\\\/uploads\\\/2022\\\/12\\\/logo-auditorium.svg\",\"width\":86,\"height\":79,\"caption\":\"Auditorium Parco della Musica Ennio Morricone\"},\"image\":{\"@id\":\"https:\\\/\\\/www.auditorium.com\\\/it\\\/#\\\/schema\\\/logo\\\/image\\\/\"},\"sameAs\":[\"https:\\\/\\\/www.facebook.com\\\/AuditoriumParcodellaMusica\",\"https:\\\/\\\/x.com\\\/auditoriumpdm\",\"https:\\\/\\\/www.instagram.com\\\/auditoriumparcodellamusica\\\/\"]}]}<\/script>\n<!-- \/ Yoast SEO plugin. -->","yoast_head_json":{"title":"Termini d\u2019uso | Auditorium Parco della Musica Ennio Morricone","description":"Questo \u00e8 il Sito Web dell\u2019Auditorium Parco della Musica di Roma, gestito dalla Fondazione Musica: leggi le note legali per gli utenti del sito.","robots":{"index":"index","follow":"follow","max-snippet":"max-snippet:-1","max-image-preview":"max-image-preview:large","max-video-preview":"max-video-preview:-1"},"canonical":"https:\/\/www.auditorium.com\/it\/terms-of-use\/","og_locale":"it_IT","og_type":"article","og_title":"Termini d\u2019uso | Auditorium Parco della Musica Ennio Morricone","og_description":"Questo \u00e8 il Sito Web dell\u2019Auditorium Parco della Musica di Roma, gestito dalla Fondazione Musica: leggi le note legali per gli utenti del sito.","og_url":"https:\/\/www.auditorium.com\/it\/terms-of-use\/","og_site_name":"Auditorium Parco della Musica Ennio Morricone","article_publisher":"https:\/\/www.facebook.com\/AuditoriumParcodellaMusica","article_modified_time":"2023-03-31T15:56:22+00:00","og_image":[{"width":1920,"height":1080,"url":"https:\/\/www.auditorium.com\/wp-content\/uploads\/2023\/01\/Auditorium1.jpg","type":"image\/jpeg"}],"twitter_card":"summary_large_image","twitter_site":"@auditoriumpdm","twitter_misc":{"Tempo di lettura stimato":"5 minuti"},"schema":{"@context":"https:\/\/schema.org","@graph":[{"@type":"WebPage","@id":"https:\/\/www.auditorium.com\/it\/terms-of-use\/","url":"https:\/\/www.auditorium.com\/it\/terms-of-use\/","name":"Termini d\u2019uso | Auditorium Parco della Musica Ennio Morricone","isPartOf":{"@id":"https:\/\/www.auditorium.com\/it\/#website"},"primaryImageOfPage":{"@id":"https:\/\/www.auditorium.com\/it\/terms-of-use\/#primaryimage"},"image":{"@id":"https:\/\/www.auditorium.com\/it\/terms-of-use\/#primaryimage"},"thumbnailUrl":"https:\/\/www.auditorium.com\/wp-content\/uploads\/2023\/01\/Auditorium1.jpg","datePublished":"2022-11-29T11:32:31+00:00","dateModified":"2023-03-31T15:56:22+00:00","description":"Questo \u00e8 il Sito Web dell\u2019Auditorium Parco della Musica di Roma, gestito dalla Fondazione Musica: leggi le note legali per gli utenti del sito.","breadcrumb":{"@id":"https:\/\/www.auditorium.com\/it\/terms-of-use\/#breadcrumb"},"inLanguage":"it-IT","potentialAction":[{"@type":"ReadAction","target":["https:\/\/www.auditorium.com\/it\/terms-of-use\/"]}]},{"@type":"ImageObject","inLanguage":"it-IT","@id":"https:\/\/www.auditorium.com\/it\/terms-of-use\/#primaryimage","url":"https:\/\/www.auditorium.com\/wp-content\/uploads\/2023\/01\/Auditorium1.jpg","contentUrl":"https:\/\/www.auditorium.com\/wp-content\/uploads\/2023\/01\/Auditorium1.jpg","width":1920,"height":1080},{"@type":"BreadcrumbList","@id":"https:\/\/www.auditorium.com\/it\/terms-of-use\/#breadcrumb","itemListElement":[{"@type":"ListItem","position":1,"name":"Home","item":"https:\/\/www.auditorium.com\/it\/"},{"@type":"ListItem","position":2,"name":"Termini d\u2019uso"}]},{"@type":"WebSite","@id":"https:\/\/www.auditorium.com\/it\/#website","url":"https:\/\/www.auditorium.com\/it\/","name":"Auditorium Parco della Musica Ennio Morricone","description":"Progettato da Renzo Piano, l&#039;Auditorium rappresenta una sofisticata architettura musicale e uno straordinario intervento di riqualificazione urbana.","publisher":{"@id":"https:\/\/www.auditorium.com\/it\/#organization"},"potentialAction":[{"@type":"SearchAction","target":{"@type":"EntryPoint","urlTemplate":"https:\/\/www.auditorium.com\/it\/?s={search_term_string}"},"query-input":{"@type":"PropertyValueSpecification","valueRequired":true,"valueName":"search_term_string"}}],"inLanguage":"it-IT"},{"@type":"Organization","@id":"https:\/\/www.auditorium.com\/it\/#organization","name":"Auditorium Parco della Musica Ennio Morricone","url":"https:\/\/www.auditorium.com\/it\/","logo":{"@type":"ImageObject","inLanguage":"it-IT","@id":"https:\/\/www.auditorium.com\/it\/#\/schema\/logo\/image\/","url":"https:\/\/www.auditorium.com\/wp-content\/uploads\/2022\/12\/logo-auditorium.svg","contentUrl":"https:\/\/www.auditorium.com\/wp-content\/uploads\/2022\/12\/logo-auditorium.svg","width":86,"height":79,"caption":"Auditorium Parco della Musica Ennio Morricone"},"image":{"@id":"https:\/\/www.auditorium.com\/it\/#\/schema\/logo\/image\/"},"sameAs":["https:\/\/www.facebook.com\/AuditoriumParcodellaMusica","https:\/\/x.com\/auditoriumpdm","https:\/\/www.instagram.com\/auditoriumparcodellamusica\/"]}]}},"_links":{"self":[{"href":"https:\/\/www.auditorium.com\/it\/wp-json\/wp\/v2\/pages\/228","targetHints":{"allow":["GET"]}}],"collection":[{"href":"https:\/\/www.auditorium.com\/it\/wp-json\/wp\/v2\/pages"}],"about":[{"href":"https:\/\/www.auditorium.com\/it\/wp-json\/wp\/v2\/types\/page"}],"author":[{"embeddable":true,"href":"https:\/\/www.auditorium.com\/it\/wp-json\/wp\/v2\/users\/24"}],"replies":[{"embeddable":true,"href":"https:\/\/www.auditorium.com\/it\/wp-json\/wp\/v2\/comments?post=228"}],"version-history":[{"count":7,"href":"https:\/\/www.auditorium.com\/it\/wp-json\/wp\/v2\/pages\/228\/revisions"}],"predecessor-version":[{"id":2687,"href":"https:\/\/www.auditorium.com\/it\/wp-json\/wp\/v2\/pages\/228\/revisions\/2687"}],"wp:featuredmedia":[{"embeddable":true,"href":"https:\/\/www.auditorium.com\/it\/wp-json\/wp\/v2\/media\/2430"}],"wp:attachment":[{"href":"https:\/\/www.auditorium.com\/it\/wp-json\/wp\/v2\/media?parent=228"}],"curies":[{"name":"wp","href":"https:\/\/api.w.org\/{rel}","templated":true}]}}